{"id":323,"date":"2023-02-10T11:46:34","date_gmt":"2023-02-10T11:46:34","guid":{"rendered":"https:\/\/ikisakin.online\/?page_id=323"},"modified":"2023-02-11T11:06:06","modified_gmt":"2023-02-11T11:06:06","slug":"323-2","status":"publish","type":"page","link":"https:\/\/ikisakin.online\/index.php\/323-2\/","title":{"rendered":"Hakk\u0131m\u0131zda"},"content":{"rendered":"\n<div class=\"wp-block-cover is-light\"><span aria-hidden=\"true\" class=\"wp-block-cover__background has-background-dim-40 has-background-dim\"><\/span><img decoding=\"async\" loading=\"lazy\" width=\"1536\" height=\"2048\" class=\"wp-block-cover__image-background wp-image-252\" alt=\"\" src=\"https:\/\/ikisakin.online\/wp-content\/uploads\/2023\/02\/IMG_0687.jpg\" style=\"object-position:53% 55%\" data-object-fit=\"cover\" data-object-position=\"53% 55%\" srcset=\"https:\/\/ikisakin.online\/wp-content\/uploads\/2023\/02\/IMG_0687.jpg 1536w, https:\/\/ikisakin.online\/wp-content\/uploads\/2023\/02\/IMG_0687-225x300.jpg 225w, https:\/\/ikisakin.online\/wp-content\/uploads\/2023\/02\/IMG_0687-768x1024.jpg 768w, https:\/\/ikisakin.online\/wp-content\/uploads\/2023\/02\/IMG_0687-1152x1536.jpg 1152w, https:\/\/ikisakin.online\/wp-content\/uploads\/2023\/02\/IMG_0687-600x800.jpg 600w\" sizes=\"(max-width: 1536px) 100vw, 1536px\" \/><div class=\"wp-block-cover__inner-container\">\n<p class=\"has-text-align-center has-text-color has-x-large-font-size\" style=\"color:#f1efec;font-style:normal;font-weight:800\">B\u0130RAZDA B\u0130ZDEN<\/p>\n<\/div><\/div>\n\n\n\n<p><\/p>\n\n\n\n<p><\/p>\n\n\n\n<h2 class=\"has-large-font-size\">Birazda Bizden<\/h2>\n\n\n\n<p><\/p>\n\n\n\n<p class=\"has-medium-font-size\">Merhabalar,<\/p>\n\n\n\n<p><\/p>\n\n\n\n<p><\/p>\n\n\n\n<p class=\"has-medium-font-size\">D\u00fcnya k\u00fc\u00e7\u00fck m\u00fc bilmiyoruz ama \u00f6\u011frenmek istiyoruz. Birbirimizden habersiz \u00e7\u0131kt\u0131\u011f\u0131m\u0131z yurtd\u0131\u015f\u0131 maceras\u0131nda, bundan yakla\u015f\u0131k 3 y\u0131l \u00f6ncesinde Almanya\u2019da yollar\u0131m\u0131z kesi\u015fti. <\/p>\n\n\n\n<p><\/p>\n\n\n\n<p><\/p>\n\n\n\n<p class=\"has-medium-font-size\">Hayat\u0131m\u0131za ve birbirimize renkler katarak bir d\u00fcnya insan\u0131 olmak istiyoruz. Yeni yerler g\u00f6rmeyi, farkl\u0131 k\u00fclt\u00fcrleri ke\u015ffetmeyi seven bir \u00e7iftiz.<\/p>\n\n\n\n<p><\/p>\n\n\n\n<p> <\/p>\n\n\n\n<p class=\"has-medium-font-size\">Burada da kendi tecr\u00fcbelerimizi payla\u015fmak istedik. Yurtd\u0131\u015f\u0131nda ya\u015fam ve dil \u00f6\u011frenme s\u00fcre\u00e7lerimizi, ayn\u0131 zamanda gezilerimizi burada bir an\u0131 sand\u0131\u011f\u0131 olarak b\u0131rak\u0131yoruz:)<\/p>\n\n\n\n<p><\/p>\n\n\n\n<p><\/p>\n\n\n\n<p class=\"has-medium-font-size\">Herkese \u015fimdiden g\u00fczel okumalar:)<\/p>\n\n\n\n<p><\/p>\n\n\n\n<p class=\"has-medium-font-size\">Sevgiler,<\/p>\n\n\n\n<p><\/p>\n\n\n\n<p class=\"has-medium-font-size\" style=\"letter-spacing:px\">\u0130kisakin&#8230;<\/p>\n","protected":false},"excerpt":{"rendered":"<p>Birazda Bizden Merhabalar, D\u00fcnya k\u00fc\u00e7\u00fck m\u00fc bilmiyoruz ama \u00f6\u011frenmek istiyoruz. Birbirimizden habersiz \u00e7\u0131kt\u0131\u011f\u0131m\u0131z yurtd\u0131\u015f\u0131 maceras\u0131nda, bundan yakla\u015f\u0131k 3 y\u0131l \u00f6ncesinde Almanya\u2019da yollar\u0131m\u0131z kesi\u015fti. Hayat\u0131m\u0131za ve birbirimize renkler katarak bir d\u00fcnya insan\u0131 olmak istiyoruz. Yeni yerler g\u00f6rmeyi, farkl\u0131 k\u00fclt\u00fcrleri ke\u015ffetmeyi seven bir \u00e7iftiz. Burada da kendi tecr\u00fcbelerimizi payla\u015fmak istedik. Yurtd\u0131\u015f\u0131nda ya\u015fam ve dil \u00f6\u011frenme s\u00fcre\u00e7lerimizi, ayn\u0131 [&hellip;]<\/p>\n","protected":false},"author":1,"featured_media":0,"parent":0,"menu_order":22,"comment_status":"closed","ping_status":"closed","template":"","meta":[],"yoast_head":"<!-- This site is optimized with the Yoast SEO plugin v20.3 - https:\/\/yoast.com\/wordpress\/plugins\/seo\/ -->\n<title>Hakk\u0131m\u0131zda -<\/title>\n<meta name=\"robots\" content=\"index, follow, max-snippet:-1, max-image-preview:large, max-video-preview:-1\" \/>\n<link rel=\"canonical\" href=\"https:\/\/ikisakin.online\/index.php\/323-2\/\" \/>\n<meta property=\"og:locale\" content=\"tr_TR\" \/>\n<meta property=\"og:type\" content=\"article\" \/>\n<meta property=\"og:title\" content=\"Hakk\u0131m\u0131zda -\" \/>\n<meta property=\"og:description\" content=\"Birazda Bizden Merhabalar, D\u00fcnya k\u00fc\u00e7\u00fck m\u00fc bilmiyoruz ama \u00f6\u011frenmek istiyoruz. Birbirimizden habersiz \u00e7\u0131kt\u0131\u011f\u0131m\u0131z yurtd\u0131\u015f\u0131 maceras\u0131nda, bundan yakla\u015f\u0131k 3 y\u0131l \u00f6ncesinde Almanya\u2019da yollar\u0131m\u0131z kesi\u015fti. Hayat\u0131m\u0131za ve birbirimize renkler katarak bir d\u00fcnya insan\u0131 olmak istiyoruz. Yeni yerler g\u00f6rmeyi, farkl\u0131 k\u00fclt\u00fcrleri ke\u015ffetmeyi seven bir \u00e7iftiz. Burada da kendi tecr\u00fcbelerimizi payla\u015fmak istedik. Yurtd\u0131\u015f\u0131nda ya\u015fam ve dil \u00f6\u011frenme s\u00fcre\u00e7lerimizi, ayn\u0131 [&hellip;]\" \/>\n<meta property=\"og:url\" content=\"https:\/\/ikisakin.online\/index.php\/323-2\/\" \/>\n<meta property=\"article:modified_time\" content=\"2023-02-11T11:06:06+00:00\" \/>\n<meta property=\"og:image\" content=\"https:\/\/ikisakin.online\/wp-content\/uploads\/2023\/02\/IMG_0687.jpg\" \/>\n<meta name=\"twitter:card\" content=\"summary_large_image\" \/>\n<script type=\"application\/ld+json\" class=\"yoast-schema-graph\">{\"@context\":\"https:\/\/schema.org\",\"@graph\":[{\"@type\":\"WebPage\",\"@id\":\"https:\/\/ikisakin.online\/index.php\/323-2\/\",\"url\":\"https:\/\/ikisakin.online\/index.php\/323-2\/\",\"name\":\"Hakk\u0131m\u0131zda -\",\"isPartOf\":{\"@id\":\"https:\/\/ikisakin.online\/#website\"},\"datePublished\":\"2023-02-10T11:46:34+00:00\",\"dateModified\":\"2023-02-11T11:06:06+00:00\",\"breadcrumb\":{\"@id\":\"https:\/\/ikisakin.online\/index.php\/323-2\/#breadcrumb\"},\"inLanguage\":\"tr\",\"potentialAction\":[{\"@type\":\"ReadAction\",\"target\":[\"https:\/\/ikisakin.online\/index.php\/323-2\/\"]}]},{\"@type\":\"BreadcrumbList\",\"@id\":\"https:\/\/ikisakin.online\/index.php\/323-2\/#breadcrumb\",\"itemListElement\":[{\"@type\":\"ListItem\",\"position\":1,\"name\":\"Anasayfa\",\"item\":\"https:\/\/ikisakin.online\/\"},{\"@type\":\"ListItem\",\"position\":2,\"name\":\"Hakk\u0131m\u0131zda\"}]},{\"@type\":\"WebSite\",\"@id\":\"https:\/\/ikisakin.online\/#website\",\"url\":\"https:\/\/ikisakin.online\/\",\"name\":\"iki sakin\",\"description\":\"---bi tutam hayat bi tutam gezi---\",\"publisher\":{\"@id\":\"https:\/\/ikisakin.online\/#\/schema\/person\/38954b5147f65563801201fd2b42e923\"},\"potentialAction\":[{\"@type\":\"SearchAction\",\"target\":{\"@type\":\"EntryPoint\",\"urlTemplate\":\"https:\/\/ikisakin.online\/?s={search_term_string}\"},\"query-input\":\"required name=search_term_string\"}],\"inLanguage\":\"tr\"},{\"@type\":[\"Person\",\"Organization\"],\"@id\":\"https:\/\/ikisakin.online\/#\/schema\/person\/38954b5147f65563801201fd2b42e923\",\"name\":\"@ikisakin\",\"image\":{\"@type\":\"ImageObject\",\"inLanguage\":\"tr\",\"@id\":\"https:\/\/ikisakin.online\/#\/schema\/person\/image\/\",\"url\":\"https:\/\/ikisakin.online\/wp-content\/uploads\/2023\/02\/cropped-iki-sakin-7-2.png\",\"contentUrl\":\"https:\/\/ikisakin.online\/wp-content\/uploads\/2023\/02\/cropped-iki-sakin-7-2.png\",\"width\":150,\"height\":40,\"caption\":\"@ikisakin\"},\"logo\":{\"@id\":\"https:\/\/ikisakin.online\/#\/schema\/person\/image\/\"},\"sameAs\":[\"https:\/\/ikisakin.online\"]}]}<\/script>\n<!-- \/ Yoast SEO plugin. -->","yoast_head_json":{"title":"Hakk\u0131m\u0131zda -","robots":{"index":"index","follow":"follow","max-snippet":"max-snippet:-1","max-image-preview":"max-image-preview:large","max-video-preview":"max-video-preview:-1"},"canonical":"https:\/\/ikisakin.online\/index.php\/323-2\/","og_locale":"tr_TR","og_type":"article","og_title":"Hakk\u0131m\u0131zda -","og_description":"Birazda Bizden Merhabalar, D\u00fcnya k\u00fc\u00e7\u00fck m\u00fc bilmiyoruz ama \u00f6\u011frenmek istiyoruz. Birbirimizden habersiz \u00e7\u0131kt\u0131\u011f\u0131m\u0131z yurtd\u0131\u015f\u0131 maceras\u0131nda, bundan yakla\u015f\u0131k 3 y\u0131l \u00f6ncesinde Almanya\u2019da yollar\u0131m\u0131z kesi\u015fti. Hayat\u0131m\u0131za ve birbirimize renkler katarak bir d\u00fcnya insan\u0131 olmak istiyoruz. Yeni yerler g\u00f6rmeyi, farkl\u0131 k\u00fclt\u00fcrleri ke\u015ffetmeyi seven bir \u00e7iftiz. Burada da kendi tecr\u00fcbelerimizi payla\u015fmak istedik. Yurtd\u0131\u015f\u0131nda ya\u015fam ve dil \u00f6\u011frenme s\u00fcre\u00e7lerimizi, ayn\u0131 [&hellip;]","og_url":"https:\/\/ikisakin.online\/index.php\/323-2\/","article_modified_time":"2023-02-11T11:06:06+00:00","og_image":[{"url":"https:\/\/ikisakin.online\/wp-content\/uploads\/2023\/02\/IMG_0687.jpg"}],"twitter_card":"summary_large_image","schema":{"@context":"https:\/\/schema.org","@graph":[{"@type":"WebPage","@id":"https:\/\/ikisakin.online\/index.php\/323-2\/","url":"https:\/\/ikisakin.online\/index.php\/323-2\/","name":"Hakk\u0131m\u0131zda -","isPartOf":{"@id":"https:\/\/ikisakin.online\/#website"},"datePublished":"2023-02-10T11:46:34+00:00","dateModified":"2023-02-11T11:06:06+00:00","breadcrumb":{"@id":"https:\/\/ikisakin.online\/index.php\/323-2\/#breadcrumb"},"inLanguage":"tr","potentialAction":[{"@type":"ReadAction","target":["https:\/\/ikisakin.online\/index.php\/323-2\/"]}]},{"@type":"BreadcrumbList","@id":"https:\/\/ikisakin.online\/index.php\/323-2\/#breadcrumb","itemListElement":[{"@type":"ListItem","position":1,"name":"Anasayfa","item":"https:\/\/ikisakin.online\/"},{"@type":"ListItem","position":2,"name":"Hakk\u0131m\u0131zda"}]},{"@type":"WebSite","@id":"https:\/\/ikisakin.online\/#website","url":"https:\/\/ikisakin.online\/","name":"iki sakin","description":"---bi tutam hayat bi tutam gezi---","publisher":{"@id":"https:\/\/ikisakin.online\/#\/schema\/person\/38954b5147f65563801201fd2b42e923"},"potentialAction":[{"@type":"SearchAction","target":{"@type":"EntryPoint","urlTemplate":"https:\/\/ikisakin.online\/?s={search_term_string}"},"query-input":"required name=search_term_string"}],"inLanguage":"tr"},{"@type":["Person","Organization"],"@id":"https:\/\/ikisakin.online\/#\/schema\/person\/38954b5147f65563801201fd2b42e923","name":"@ikisakin","image":{"@type":"ImageObject","inLanguage":"tr","@id":"https:\/\/ikisakin.online\/#\/schema\/person\/image\/","url":"https:\/\/ikisakin.online\/wp-content\/uploads\/2023\/02\/cropped-iki-sakin-7-2.png","contentUrl":"https:\/\/ikisakin.online\/wp-content\/uploads\/2023\/02\/cropped-iki-sakin-7-2.png","width":150,"height":40,"caption":"@ikisakin"},"logo":{"@id":"https:\/\/ikisakin.online\/#\/schema\/person\/image\/"},"sameAs":["https:\/\/ikisakin.online"]}]}},"_links":{"self":[{"href":"https:\/\/ikisakin.online\/index.php\/wp-json\/wp\/v2\/pages\/323"}],"collection":[{"href":"https:\/\/ikisakin.online\/index.php\/wp-json\/wp\/v2\/pages"}],"about":[{"href":"https:\/\/ikisakin.online\/index.php\/wp-json\/wp\/v2\/types\/page"}],"author":[{"embeddable":true,"href":"https:\/\/ikisakin.online\/index.php\/wp-json\/wp\/v2\/users\/1"}],"replies":[{"embeddable":true,"href":"https:\/\/ikisakin.online\/index.php\/wp-json\/wp\/v2\/comments?post=323"}],"version-history":[{"count":6,"href":"https:\/\/ikisakin.online\/index.php\/wp-json\/wp\/v2\/pages\/323\/revisions"}],"predecessor-version":[{"id":422,"href":"https:\/\/ikisakin.online\/index.php\/wp-json\/wp\/v2\/pages\/323\/revisions\/422"}],"wp:attachment":[{"href":"https:\/\/ikisakin.online\/index.php\/wp-json\/wp\/v2\/media?parent=323"}],"curies":[{"name":"wp","href":"https:\/\/api.w.org\/{rel}","templated":true}]}}